{"id":11,"date":"2023-08-04T01:00:00","date_gmt":"2023-08-04T07:00:00","guid":{"rendered":"https:\/\/hifadelaluna.wordpress.com\/about\/"},"modified":"2023-08-04T01:00:00","modified_gmt":"2023-08-04T07:00:00","slug":"presentacion","status":"publish","type":"page","link":"https:\/\/hifadelaluna.com\/index.php\/presentacion\/","title":{"rendered":"Presentaci\u00f3n"},"content":{"rendered":"<p><span style=\"font-weight: 400\">Si te presentaras frente a un espejo, \u00bfqu\u00e9 dir\u00edas? \u00a1hola, puedes llamarme Yosh! Soy una persona con magia en las venas y fantas\u00eda en la mente. \u00bfY luego, qu\u00e9 considerar\u00edas importante para decir? \u00bfHablar\u00edas de tu lugar de origen, de tu profesi\u00f3n o quiz\u00e1 de tu edad? Porque yo no; para m\u00ed nada de eso importa cuando lo que realmente deseas es conocer a la persona. En este caso, a la persona que te habla desde el otro lado del espejo (\u00bfla de carne, sangre y huesos o la proyectada desde una imagen mental?)<\/span><\/p>\n<p>&nbsp;<\/p>\n<p><span style=\"font-weight: 400\">As\u00ed que, si hablamos sobre conocer a la persona, quiz\u00e1s sea m\u00e1s prudente hablar de sue\u00f1os, metas, h\u00e1bitos y hasta de miedos. Porque eso es lo que verdaderamente est\u00e1 detr\u00e1s de la persona, lo dem\u00e1s como su procedencia, su profesi\u00f3n o su nombre, son s\u00f3lo m\u00e1scaras construidas para navegar a trav\u00e9s de la sociedad. Y no est\u00e1 mal, todos necesitamos de ello para acercarnos a otros y sentirnos reconocidos en miradas ajenas.<\/span><\/p>\n<p>&nbsp;<\/p>\n<p><span style=\"font-weight: 400\">Pero hoy, en esta presentaci\u00f3n, \u00bfante qui\u00e9n me presento? Principalmente, ante m\u00ed misma. A trav\u00e9s de estas palabras busco re-conocerme, volver a volver a conocerme a trav\u00e9s de las palabras. Por mucho tiempo me alej\u00e9 de esa danza que ocurr\u00eda entre el papel y la pluma buscando crear un ritmo que reflejara lo que hab\u00eda en mi interior. Hoy, vuelvo a jugar con esa b\u00fasqueda de sentido con el golpeteo de mis dedos sobre un teclado, para ver qu\u00e9 sale, para ver qu\u00e9 se mueve y se acomoda dentro de m\u00ed.<\/span><\/p>\n<p>&nbsp;<\/p>\n<p><span style=\"font-weight: 400\">Y si hablo de algo tan profundo como conocer (o reconocer) a la persona que me habla desde el otro lado del espejo, claro que una hoja de presentaci\u00f3n no basta. En un n\u00famero tan limitado de caracteres no alcanzo a plasmar la grandeza que se esconde ni los sue\u00f1os tan locos que se har\u00e1n realidad, mucho menos la simpat\u00eda que mi existencia emana. Para todo ello necesitar\u00e9 mil y un entradas, o quiz\u00e1s mil y once entradas, qui\u00e9n sabe.\u00a0<\/span><\/p>\n<p>&nbsp;<\/p>\n<p><span style=\"font-weight: 400\">Por otro lado, hablar sobre Hifa de la Luna puede que sea m\u00e1s f\u00e1cil, porque hablar\u00eda de un aspecto de m\u00ed y no de la totalidad de m\u00ed. Entonces me pongo la careta de intelectual y explico: las hifas, son los filamentos que constituyen el micelio (de los hongos, claro), nacen de las esporas y pueden ser una sola c\u00e9lula o varias que pueden compartir los organelos. Son una estructura muy curiosa y hasta misteriosa. Traducido al mundo de los humanos, yo lo veo como que las hifas son los individuos (o personas) que conforman una comunidad o tribu (micelio).\u00a0<\/span><\/p>\n<p>&nbsp;<\/p>\n<p><span style=\"font-weight: 400\">La otra parte de \u201cHifa de la Luna\u201d es la Luna. Este bello arquetipo que representa a la madre de las mujeres y que tanta influencia tiene sobre nuestras aguas. Es esta parte del misterio femenino que envuelve a la psique y que nos dota de instintos y oscuridad pero tambi\u00e9n de sabidur\u00eda al reconocer que eso es parte de nuestra naturaleza humana y que est\u00e1 bien ser humano, por algo estamos en esta experiencia. En conjunto, el significado que puede tener Hifa de la Luna no es s\u00f3lo uno. El juego de palabras entre hifa e hija, le proporciona un mont\u00f3n de posibles interpretaciones a esta expresi\u00f3n.\u00a0<\/span><\/p>\n<p>&nbsp;<\/p>\n<p><span style=\"font-weight: 400\">Y es bajo este nombre que bautic\u00e9 a una parte de m\u00ed que quiere revelarse hacia luz, y hacerse presente en m\u00ed. Es esa parte creativa que naci\u00f3 desde hace mucho cuando de ni\u00f1a escrib\u00eda cuentos e historias sin un final espec\u00edfico, cuando de adolescente llenaba las hojas finales de mis cuadernos con letras lastimeras que dejaban salir el dolor t\u00edpico de esa etapa. Pero tambi\u00e9n es la parte que se sabe sabia para compartir la sabidur\u00eda (\u00bf?) que han dejado mis experiencias en esta vida, a base de dolor, alegr\u00eda y hasta psicodelia.<\/span><\/p>\n<p>&nbsp;<\/p>\n<p><span style=\"font-weight: 400\">As\u00ed que bien, eso es lo que puedo presentar de m\u00ed en esta presentaci\u00f3n. El resto se ir\u00e1 revelando poco a poco, como s\u00f3lo los buenos misterios saben hacer.<\/span><\/p>\n","protected":false},"excerpt":{"rendered":"<p>Si te presentaras frente a un espejo, \u00bfqu\u00e9 dir\u00edas? \u00a1hola, puedes llamarme Yosh! Soy una persona con magia en las venas y fantas\u00eda en la mente. \u00bfY luego, qu\u00e9 considerar\u00edas importante para decir? \u00bfHablar\u00edas de tu lugar de origen, de tu profesi\u00f3n o quiz\u00e1 de tu edad? Porque yo no; para m\u00ed nada de eso [&hellip;]<\/p>\n","protected":false},"author":2,"featured_media":0,"parent":0,"menu_order":0,"comment_status":"closed","ping_status":"closed","template":"","meta":{"footnotes":""},"class_list":["post-11","page","type-page","status-publish","hentry"],"jetpack_sharing_enabled":true,"jetpack-related-posts":[],"_links":{"self":[{"href":"https:\/\/hifadelaluna.com\/index.php\/wp-json\/wp\/v2\/pages\/11","targetHints":{"allow":["GET"]}}],"collection":[{"href":"https:\/\/hifadelaluna.com\/index.php\/wp-json\/wp\/v2\/pages"}],"about":[{"href":"https:\/\/hifadelaluna.com\/index.php\/wp-json\/wp\/v2\/types\/page"}],"author":[{"embeddable":true,"href":"https:\/\/hifadelaluna.com\/index.php\/wp-json\/wp\/v2\/users\/2"}],"replies":[{"embeddable":true,"href":"https:\/\/hifadelaluna.com\/index.php\/wp-json\/wp\/v2\/comments?post=11"}],"version-history":[{"count":0,"href":"https:\/\/hifadelaluna.com\/index.php\/wp-json\/wp\/v2\/pages\/11\/revisions"}],"wp:attachment":[{"href":"https:\/\/hifadelaluna.com\/index.php\/wp-json\/wp\/v2\/media?parent=11"}],"curies":[{"name":"wp","href":"https:\/\/api.w.org\/{rel}","templated":true}]}}