{"id":152,"date":"2025-06-05T15:32:00","date_gmt":"2025-06-05T15:32:00","guid":{"rendered":"https:\/\/hifadelaluna.com\/?page_id=152"},"modified":"2025-06-09T00:05:08","modified_gmt":"2025-06-09T00:05:08","slug":"enciclopedia","status":"publish","type":"page","link":"https:\/\/hifadelaluna.com\/index.php\/enciclopedia\/","title":{"rendered":"Enciclopedia"},"content":{"rendered":"\n<p>\u00a1Bienvenido, buscador! Vamos a explorar los distintos significados que una palabra puede tener y con ello, poder identificar la que mejor se ajuste a la Realizaci\u00f3n de Nuestros Deseos. <br><br><a href=\"https:\/\/hifadelaluna.com\/index.php\/2025\/06\/08\/ilusionismo-enciclopedia\/\" data-type=\"post\" data-id=\"173\">Ilusionismo<\/a><br><a href=\"https:\/\/hifadelaluna.com\/index.php\/2025\/06\/08\/magia-enciclopedia\/\" data-type=\"post\" data-id=\"177\">Magia<\/a><\/p>\n\n\n\n<p>Pr\u00f3ximas palabras:<br>Deseo<br>Dualidad<br>Evoluci\u00f3n<br>Hechicer\u00eda<br>Madre<br>Mente<br>Padre<br>Pensamiento<br>Ritual<br>Sendero<br>Sentimiento<br>Sombra<br>Voluntad<\/p>\n","protected":false},"excerpt":{"rendered":"<p>\u00a1Bienvenido, buscador! Vamos a explorar los distintos significados que una palabra puede tener y con ello, poder identificar la que mejor se ajuste a la Realizaci\u00f3n de Nuestros Deseos. IlusionismoMagia Pr\u00f3ximas palabras:DeseoDualidadEvoluci\u00f3nHechicer\u00edaMadreMentePadrePensamientoRitualSenderoSentimientoSombraVoluntad<\/p>\n","protected":false},"author":1,"featured_media":0,"parent":0,"menu_order":0,"comment_status":"closed","ping_status":"closed","template":"","meta":{"footnotes":""},"class_list":["post-152","page","type-page","status-publish","hentry"],"jetpack_sharing_enabled":true,"jetpack-related-posts":[],"_links":{"self":[{"href":"https:\/\/hifadelaluna.com\/index.php\/wp-json\/wp\/v2\/pages\/152","targetHints":{"allow":["GET"]}}],"collection":[{"href":"https:\/\/hifadelaluna.com\/index.php\/wp-json\/wp\/v2\/pages"}],"about":[{"href":"https:\/\/hifadelaluna.com\/index.php\/wp-json\/wp\/v2\/types\/page"}],"author":[{"embeddable":true,"href":"https:\/\/hifadelaluna.com\/index.php\/wp-json\/wp\/v2\/users\/1"}],"replies":[{"embeddable":true,"href":"https:\/\/hifadelaluna.com\/index.php\/wp-json\/wp\/v2\/comments?post=152"}],"version-history":[{"count":6,"href":"https:\/\/hifadelaluna.com\/index.php\/wp-json\/wp\/v2\/pages\/152\/revisions"}],"predecessor-version":[{"id":184,"href":"https:\/\/hifadelaluna.com\/index.php\/wp-json\/wp\/v2\/pages\/152\/revisions\/184"}],"wp:attachment":[{"href":"https:\/\/hifadelaluna.com\/index.php\/wp-json\/wp\/v2\/media?parent=152"}],"curies":[{"name":"wp","href":"https:\/\/api.w.org\/{rel}","templated":true}]}}