{"id":63,"date":"2025-02-11T14:35:50","date_gmt":"2025-02-11T20:35:50","guid":{"rendered":"https:\/\/hifadelaluna.wordpress.com\/?page_id=63"},"modified":"2025-06-05T15:54:00","modified_gmt":"2025-06-05T15:54:00","slug":"resenas-de-libros","status":"publish","type":"page","link":"https:\/\/hifadelaluna.com\/index.php\/resenas-de-libros\/","title":{"rendered":"Rese\u00f1as de libros"},"content":{"rendered":"\n<div class=\"wp-block-group alignfull has-global-padding is-content-justification-center is-layout-constrained wp-container-core-group-is-layout-df757ecc wp-block-group-is-layout-constrained\" style=\"margin-top:0;margin-bottom:0;padding-top:calc( 0.5 * var(--wp--style--root--padding-right, var(--wp--custom--gap--horizontal)));padding-right:var(--wp--style--root--padding-right, var(--wp--custom--gap--horizontal));padding-bottom:calc( 0.5 * var(--wp--style--root--padding-right, var(--wp--custom--gap--horizontal)));padding-left:var(--wp--style--root--padding-left, var(--wp--custom--gap--horizontal))\">\n<div style=\"height:calc( 0.25 * var(--wp--style--root--padding-right, var(--wp--custom--gap--horizontal)))\" aria-hidden=\"true\" class=\"wp-block-spacer\"><\/div>\n\n\n\n<div class=\"wp-block-columns alignwide is-layout-flex wp-container-core-columns-is-layout-ea69a204 wp-block-columns-is-layout-flex\">\n<div class=\"wp-block-column is-layout-flow wp-container-core-column-is-layout-22223934 wp-block-column-is-layout-flow\" style=\"flex-basis:35%\">\n<h2 class=\"wp-block-heading\">Un viaje a trav\u00e9s de las letras<\/h2>\n<\/div>\n\n\n\n<div class=\"wp-block-column is-layout-flow wp-block-column-is-layout-flow\" style=\"flex-basis:15%\"><\/div>\n\n\n\n<div class=\"wp-block-column is-layout-flow wp-block-column-is-layout-flow\" style=\"flex-basis:50%\">\n<p>\u00a1Bienvenido, buscador! Ampliar nuestros conocimientos es fundamental para ampliar nuestra neuroplasticidad  y con ello, darle lugar a la Realizaci\u00f3n de Nuestros Sue\u00f1os.<\/p>\n<\/div>\n<\/div>\n\n\n\n<div class=\"wp-block-group is-nowrap is-layout-flex wp-container-core-group-is-layout-6c531013 wp-block-group-is-layout-flex\">\n<h2 class=\"wp-block-heading\">Pr\u00f3ximos Libros<\/h2>\n<\/div>\n\n\n\n<div style=\"height:calc( 0.25 * var(--wp--style--root--padding-right, var(--wp--custom--gap--horizontal)))\" aria-hidden=\"true\" class=\"wp-block-spacer\"><\/div>\n\n\n\n<div class=\"wp-block-columns alignwide is-layout-flex wp-container-core-columns-is-layout-28f84493 wp-block-columns-is-layout-flex\">\n<div class=\"wp-block-column is-layout-flow wp-block-column-is-layout-flow\">\n<figure class=\"wp-block-image size-full has-custom-border\"><img decoding=\"async\" src=\"https:\/\/dotcompatterns.wordpress.com\/wp-content\/uploads\/2024\/01\/paint-tall-alt.jpg\" alt=\"\" class=\"wp-image-13707\" style=\"border-radius:0px;aspect-ratio:3\/4;object-fit:cover\"\/><\/figure>\n\n\n\n<h3 class=\"wp-block-heading has-custom-white-color has-text-color has-link-color wp-elements-c5548b430dbee0ca83a0df7c54d99885\">La Conciencia del \u00e1tomo &#8211; Alice Ann Bailey<\/h3>\n<\/div>\n\n\n\n<div class=\"wp-block-column is-layout-flow wp-block-column-is-layout-flow\">\n<figure class=\"wp-block-image size-full has-custom-border\"><img decoding=\"async\" src=\"https:\/\/dotcompatterns.wordpress.com\/wp-content\/uploads\/2024\/01\/paint-3.jpg\" alt=\"\" class=\"wp-image-13685\" style=\"border-radius:0px;aspect-ratio:3\/4;object-fit:cover\"\/><\/figure>\n\n\n\n<h3 class=\"wp-block-heading\">La Inteligencia Emocional &#8211; <\/h3>\n<\/div>\n\n\n\n<div class=\"wp-block-column is-layout-flow wp-block-column-is-layout-flow\">\n<figure class=\"wp-block-image size-full\"><img decoding=\"async\" src=\"https:\/\/dotcompatterns.wordpress.com\/wp-content\/uploads\/2024\/01\/paint-tall-alt.jpg\" alt=\"\" class=\"wp-image-13707\" style=\"aspect-ratio:3\/4;object-fit:cover\"\/><\/figure>\n\n\n\n<h3 class=\"wp-block-heading\">La Biolog\u00eda de la Transformaci\u00f3n &#8211; Bruce Willis (noscierto, no me acuerdo c\u00f3mo se apellida)<\/h3>\n<\/div>\n\n\n\n<div class=\"wp-block-column is-layout-flow wp-block-column-is-layout-flow\">\n<figure class=\"wp-block-image size-full\"><img decoding=\"async\" src=\"https:\/\/dotcompatterns.wordpress.com\/wp-content\/uploads\/2024\/01\/paint-tall-alt.jpg\" alt=\"\" class=\"wp-image-13707\" style=\"aspect-ratio:3\/4;object-fit:cover\"\/><\/figure>\n\n\n\n<h3 class=\"wp-block-heading\">Recupera tu Mente, recupera tu vida<\/h3>\n<\/div>\n<\/div>\n\n\n\n<div style=\"height:calc( 0.25 * var(--wp--style--root--padding-right, var(--wp--custom--gap--horizontal)))\" aria-hidden=\"true\" class=\"wp-block-spacer\"><\/div>\n<\/div>\n\n\n\n<p><\/p>\n","protected":false},"excerpt":{"rendered":"<p>Un viaje a trav\u00e9s de las letras \u00a1Bienvenido, buscador! Ampliar nuestros conocimientos es fundamental para ampliar nuestra neuroplasticidad y con ello, darle lugar a la Realizaci\u00f3n de Nuestros Sue\u00f1os. Pr\u00f3ximos Libros La Conciencia del \u00e1tomo &#8211; Alice Ann Bailey La Inteligencia Emocional &#8211; La Biolog\u00eda de la Transformaci\u00f3n &#8211; Bruce Willis (noscierto, no me acuerdo [&hellip;]<\/p>\n","protected":false},"author":2,"featured_media":0,"parent":0,"menu_order":0,"comment_status":"closed","ping_status":"closed","template":"","meta":{"footnotes":""},"class_list":["post-63","page","type-page","status-publish","hentry"],"jetpack_sharing_enabled":true,"jetpack-related-posts":[],"_links":{"self":[{"href":"https:\/\/hifadelaluna.com\/index.php\/wp-json\/wp\/v2\/pages\/63","targetHints":{"allow":["GET"]}}],"collection":[{"href":"https:\/\/hifadelaluna.com\/index.php\/wp-json\/wp\/v2\/pages"}],"about":[{"href":"https:\/\/hifadelaluna.com\/index.php\/wp-json\/wp\/v2\/types\/page"}],"author":[{"embeddable":true,"href":"https:\/\/hifadelaluna.com\/index.php\/wp-json\/wp\/v2\/users\/2"}],"replies":[{"embeddable":true,"href":"https:\/\/hifadelaluna.com\/index.php\/wp-json\/wp\/v2\/comments?post=63"}],"version-history":[{"count":3,"href":"https:\/\/hifadelaluna.com\/index.php\/wp-json\/wp\/v2\/pages\/63\/revisions"}],"predecessor-version":[{"id":159,"href":"https:\/\/hifadelaluna.com\/index.php\/wp-json\/wp\/v2\/pages\/63\/revisions\/159"}],"wp:attachment":[{"href":"https:\/\/hifadelaluna.com\/index.php\/wp-json\/wp\/v2\/media?parent=63"}],"curies":[{"name":"wp","href":"https:\/\/api.w.org\/{rel}","templated":true}]}}